{"id":7843,"date":"2021-06-08T13:45:59","date_gmt":"2021-06-08T13:45:59","guid":{"rendered":"https:\/\/lifeabogados.com\/?page_id=7843"},"modified":"2023-12-12T08:17:23","modified_gmt":"2023-12-12T08:17:23","slug":"belgica-maria-diaz-martin","status":"publish","type":"page","link":"https:\/\/lifeabogados.com\/en\/who-we-are\/belgica-maria-diaz-martin\/","title":{"rendered":"B\u00e9lgica Mar\u00eda D\u00edaz Mart\u00edn"},"content":{"rendered":"\t\t<div data-elementor-type=\"wp-page\" data-elementor-id=\"7843\" class=\"elementor elementor-7843 elementor-1103\" data-elementor-post-type=\"page\">\n\t\t\t\t\t\t<section data-particle_enable=\"false\" data-particle-mobile-disabled=\"false\" class=\"elementor-section elementor-top-section elementor-element elementor-element-09cae1a elementor-section-boxed elementor-section-height-default elementor-section-height-default\" data-id=\"09cae1a\" data-element_type=\"section\">\n\t\t\t\t\t\t<div class=\"elementor-container elementor-column-gap-default\">\n\t\t\t\t\t<div class=\"elementor-column elementor-col-100 elementor-top-column elementor-element elementor-element-be48505\" data-id=\"be48505\" data-element_type=\"column\">\n\t\t\t<div class=\"elementor-widget-wrap elementor-element-populated\">\n\t\t\t\t\t\t<div class=\"elementor-element elementor-element-a25ea73 elementor-widget elementor-widget-heading\" data-id=\"a25ea73\" data-element_type=\"widget\" data-widget_type=\"heading.default\">\n\t\t\t\t<div class=\"elementor-widget-container\">\n\t\t\t\t\t<h1 class=\"elementor-heading-title elementor-size-default\">B\u00e9lgica Mar\u00eda D\u00edaz Mart\u00edn<\/h1>\t\t\t\t<\/div>\n\t\t\t\t<\/div>\n\t\t\t\t<section data-particle_enable=\"false\" data-particle-mobile-disabled=\"false\" class=\"elementor-section elementor-inner-section elementor-element elementor-element-eb4cf0b elementor-section-boxed elementor-section-height-default elementor-section-height-default\" data-id=\"eb4cf0b\" data-element_type=\"section\">\n\t\t\t\t\t\t<div class=\"elementor-container elementor-column-gap-default\">\n\t\t\t\t\t<div class=\"elementor-column elementor-col-50 elementor-inner-column elementor-element elementor-element-d78c590\" data-id=\"d78c590\" data-element_type=\"column\">\n\t\t\t<div class=\"elementor-widget-wrap elementor-element-populated\">\n\t\t\t\t\t\t<div class=\"elementor-element elementor-element-a53b4c8 elementor-widget elementor-widget-image\" data-id=\"a53b4c8\" data-element_type=\"widget\" data-widget_type=\"image.default\">\n\t\t\t\t<div class=\"elementor-widget-container\">\n\t\t\t\t\t\t\t\t\t\t\t\t\t\t\t<img decoding=\"async\" src=\"https:\/\/lifeabogados.com\/wp-content\/uploads\/elementor\/thumbs\/life-belgica-maria-diaz-pur0xj9yuhyr8xu8fxad9hmk82as87069ed9kna54g.jpg\" title=\"life-belgica-maria-diaz\" alt=\"life-belgica-maria-diaz\" loading=\"lazy\" \/>\t\t\t\t\t\t\t\t\t\t\t\t\t\t\t<\/div>\n\t\t\t\t<\/div>\n\t\t\t\t\t<\/div>\n\t\t<\/div>\n\t\t\t\t<div class=\"elementor-column elementor-col-50 elementor-inner-column elementor-element elementor-element-83e7cf7\" data-id=\"83e7cf7\" data-element_type=\"column\">\n\t\t\t<div class=\"elementor-widget-wrap elementor-element-populated\">\n\t\t\t\t\t\t<div class=\"elementor-element elementor-element-1c3cd72 elementor-blockquote--skin-quotation elementor-widget elementor-widget-blockquote\" data-id=\"1c3cd72\" data-element_type=\"widget\" data-widget_type=\"blockquote.default\">\n\t\t\t\t<div class=\"elementor-widget-container\">\n\t\t\t\t\t\t\t<blockquote class=\"elementor-blockquote\">\n\t\t\t<p class=\"elementor-blockquote__content\">\n\t\t\t\tWith effort, dedication and perseverance we find the solution to your needs.\t\t\t<\/p>\n\t\t\t\t\t<\/blockquote>\n\t\t\t\t\t\t<\/div>\n\t\t\t\t<\/div>\n\t\t\t\t<div class=\"elementor-element elementor-element-1e07aec elementor-widget elementor-widget-text-editor\" data-id=\"1e07aec\" data-element_type=\"widget\" data-widget_type=\"text-editor.default\">\n\t\t\t\t<div class=\"elementor-widget-container\">\n\t\t\t\t\t\t\t\t\t<p><a href=\"mailto:bdm@lifeabogados.com\"><b>bdm@lifeabogados.com<\/b><\/a><\/p>\t\t\t\t\t\t\t\t<\/div>\n\t\t\t\t<\/div>\n\t\t\t\t<div class=\"elementor-element elementor-element-3518b6f elementor-align-left elementor-widget elementor-widget-button\" data-id=\"3518b6f\" data-element_type=\"widget\" data-widget_type=\"button.default\">\n\t\t\t\t<div class=\"elementor-widget-container\">\n\t\t\t\t\t\t\t\t\t<div class=\"elementor-button-wrapper\">\n\t\t\t\t\t<a class=\"elementor-button elementor-button-link elementor-size-lg\" href=\"https:\/\/www.linkedin.com\/in\/b%C3%A9lgica-m%C2%AA-d%C3%ADaz-mart%C3%ADn-abbb91113\/\">\n\t\t\t\t\t\t<span class=\"elementor-button-content-wrapper\">\n\t\t\t\t\t\t<span class=\"elementor-button-icon\">\n\t\t\t\t<i aria-hidden=\"true\" class=\"fab fa-linkedin\"><\/i>\t\t\t<\/span>\n\t\t\t\t\t\t\t\t\t<span class=\"elementor-button-text\">Connect with B\u00e9lgica<\/span>\n\t\t\t\t\t<\/span>\n\t\t\t\t\t<\/a>\n\t\t\t\t<\/div>\n\t\t\t\t\t\t\t\t<\/div>\n\t\t\t\t<\/div>\n\t\t\t\t<div class=\"elementor-element elementor-element-2d26a3f elementor-widget elementor-widget-spacer\" data-id=\"2d26a3f\" data-element_type=\"widget\" data-widget_type=\"spacer.default\">\n\t\t\t\t<div class=\"elementor-widget-container\">\n\t\t\t\t\t\t\t<div class=\"elementor-spacer\">\n\t\t\t<div class=\"elementor-spacer-inner\"><\/div>\n\t\t<\/div>\n\t\t\t\t\t\t<\/div>\n\t\t\t\t<\/div>\n\t\t\t\t<div class=\"elementor-element elementor-element-bccc029 elementor-headline--style-highlight elementor-widget elementor-widget-animated-headline\" data-id=\"bccc029\" data-element_type=\"widget\" data-settings=\"{&quot;marker&quot;:&quot;underline&quot;,&quot;highlighted_text&quot;:&quot;My best outlet: exercise. It gives me the perfect mind-body balance to face the day to day.&quot;,&quot;headline_style&quot;:&quot;highlight&quot;,&quot;highlight_animation_duration&quot;:1200}\" data-widget_type=\"animated-headline.default\">\n\t\t\t\t<div class=\"elementor-widget-container\">\n\t\t\t\t\t\t\t<h6 class=\"elementor-headline\">\n\t\t\t\t<span class=\"elementor-headline-dynamic-wrapper elementor-headline-text-wrapper\">\n\t\t\t\t\t<span class=\"elementor-headline-dynamic-text elementor-headline-text-active\">My best outlet: exercise. It gives me the perfect mind-body balance to face the day to day.<\/span>\n\t\t\t\t<\/span>\n\t\t\t\t<\/h6>\n\t\t\t\t\t\t<\/div>\n\t\t\t\t<\/div>\n\t\t\t\t\t<\/div>\n\t\t<\/div>\n\t\t\t\t\t<\/div>\n\t\t<\/section>\n\t\t\t\t<section data-particle_enable=\"false\" data-particle-mobile-disabled=\"false\" class=\"elementor-section elementor-inner-section elementor-element elementor-element-edb2fa8 elementor-section-boxed elementor-section-height-default elementor-section-height-default\" data-id=\"edb2fa8\" data-element_type=\"section\">\n\t\t\t\t\t\t<div class=\"elementor-container elementor-column-gap-default\">\n\t\t\t\t\t<div class=\"elementor-column elementor-col-50 elementor-inner-column elementor-element elementor-element-320976f\" data-id=\"320976f\" data-element_type=\"column\">\n\t\t\t<div class=\"elementor-widget-wrap elementor-element-populated\">\n\t\t\t\t\t\t<div class=\"elementor-element elementor-element-adef91d elementor-widget elementor-widget-heading\" data-id=\"adef91d\" data-element_type=\"widget\" data-widget_type=\"heading.default\">\n\t\t\t\t<div class=\"elementor-widget-container\">\n\t\t\t\t\t<h3 class=\"elementor-heading-title elementor-size-default\">Experience<\/h3>\t\t\t\t<\/div>\n\t\t\t\t<\/div>\n\t\t\t\t\t<\/div>\n\t\t<\/div>\n\t\t\t\t<div class=\"elementor-column elementor-col-50 elementor-inner-column elementor-element elementor-element-6e5d166\" data-id=\"6e5d166\" data-element_type=\"column\">\n\t\t\t<div class=\"elementor-widget-wrap elementor-element-populated\">\n\t\t\t\t\t\t<div class=\"elementor-element elementor-element-62b3d21 elementor-widget elementor-widget-text-editor\" data-id=\"62b3d21\" data-element_type=\"widget\" data-widget_type=\"text-editor.default\">\n\t\t\t\t<div class=\"elementor-widget-container\">\n\t\t\t\t\t\t\t\t\t<p>She brings with her the professional experience she has gained from working in various tax departments of companies in different sectors. For years she has been in charge of the comprehensive tax management and planning of a group of companies, providing tax advice at both individual and consolidated level.<\/p><p>She has participated in restructuring operations, due diligence, and in all kinds of actions before the tax authorities.<\/p><p>Member of the CEF Alumni Association.<\/p><p>Member of the Bar Association of Lucena.<\/p>\t\t\t\t\t\t\t\t<\/div>\n\t\t\t\t<\/div>\n\t\t\t\t\t<\/div>\n\t\t<\/div>\n\t\t\t\t\t<\/div>\n\t\t<\/section>\n\t\t\t\t<section data-particle_enable=\"false\" data-particle-mobile-disabled=\"false\" class=\"elementor-section elementor-inner-section elementor-element elementor-element-5d7cf85 elementor-section-boxed elementor-section-height-default elementor-section-height-default\" data-id=\"5d7cf85\" data-element_type=\"section\">\n\t\t\t\t\t\t<div class=\"elementor-container elementor-column-gap-default\">\n\t\t\t\t\t<div class=\"elementor-column elementor-col-50 elementor-inner-column elementor-element elementor-element-1e9739b\" data-id=\"1e9739b\" data-element_type=\"column\">\n\t\t\t<div class=\"elementor-widget-wrap elementor-element-populated\">\n\t\t\t\t\t\t<div class=\"elementor-element elementor-element-33a06ce elementor-widget elementor-widget-heading\" data-id=\"33a06ce\" data-element_type=\"widget\" data-widget_type=\"heading.default\">\n\t\t\t\t<div class=\"elementor-widget-container\">\n\t\t\t\t\t<h3 class=\"elementor-heading-title elementor-size-default\">Profile<\/h3>\t\t\t\t<\/div>\n\t\t\t\t<\/div>\n\t\t\t\t\t<\/div>\n\t\t<\/div>\n\t\t\t\t<div class=\"elementor-column elementor-col-50 elementor-inner-column elementor-element elementor-element-498f3cc\" data-id=\"498f3cc\" data-element_type=\"column\">\n\t\t\t<div class=\"elementor-widget-wrap elementor-element-populated\">\n\t\t\t\t\t\t<div class=\"elementor-element elementor-element-5936724 elementor-widget elementor-widget-text-editor\" data-id=\"5936724\" data-element_type=\"widget\" data-widget_type=\"text-editor.default\">\n\t\t\t\t<div class=\"elementor-widget-container\">\n\t\t\t\t\t\t\t\t\t<p>Graduate in Law from Universidad de Las Palmas de Gran Canaria, she specialised in taxation through the Master&#8217;s Degree in Taxation and Tax Consultancy at the Centro de Estudios Financieros (CEF) in Madrid.<\/p><p>Since completing her studies, she has focused his professional career on corporate tax consultancy. Her training as a jurist facilitates her the difficult task of interpreting the continuous flow of tax legislation, for its best practical application in the business environment.<\/p><p>She brings to the tax department of LifeAbogados the desire to improve every day, to continue learning with every challenge, and to be part of a team where the main thing is a job well done.<\/p><p>Her main principle: &#8220;to always give the best of oneself&#8221;.<\/p>\t\t\t\t\t\t\t\t<\/div>\n\t\t\t\t<\/div>\n\t\t\t\t\t<\/div>\n\t\t<\/div>\n\t\t\t\t\t<\/div>\n\t\t<\/section>\n\t\t\t\t\t<\/div>\n\t\t<\/div>\n\t\t\t\t\t<\/div>\n\t\t<\/section>\n\t\t\t\t<\/div>\n\t\t","protected":false},"excerpt":{"rendered":"<p>B\u00e9lgica Mar\u00eda D\u00edaz Mart\u00edn With effort, dedication and perseverance we find the solution to your needs. bdm@lifeabogados.com Connect with B\u00e9lgica My best outlet: exercise. It gives me the perfect mind-body balance to face the day to day. Experience She brings with her the professional experience she has gained from working in various tax departments of [&hellip;]<\/p>\n","protected":false},"author":1,"featured_media":0,"parent":7806,"menu_order":0,"comment_status":"closed","ping_status":"closed","template":"","meta":{"footnotes":""},"class_list":["post-7843","page","type-page","status-publish","hentry"],"aioseo_notices":[],"_links":{"self":[{"href":"https:\/\/lifeabogados.com\/en\/wp-json\/wp\/v2\/pages\/7843","targetHints":{"allow":["GET"]}}],"collection":[{"href":"https:\/\/lifeabogados.com\/en\/wp-json\/wp\/v2\/pages"}],"about":[{"href":"https:\/\/lifeabogados.com\/en\/wp-json\/wp\/v2\/types\/page"}],"author":[{"embeddable":true,"href":"https:\/\/lifeabogados.com\/en\/wp-json\/wp\/v2\/users\/1"}],"replies":[{"embeddable":true,"href":"https:\/\/lifeabogados.com\/en\/wp-json\/wp\/v2\/comments?post=7843"}],"version-history":[{"count":0,"href":"https:\/\/lifeabogados.com\/en\/wp-json\/wp\/v2\/pages\/7843\/revisions"}],"up":[{"embeddable":true,"href":"https:\/\/lifeabogados.com\/en\/wp-json\/wp\/v2\/pages\/7806"}],"wp:attachment":[{"href":"https:\/\/lifeabogados.com\/en\/wp-json\/wp\/v2\/media?parent=7843"}],"curies":[{"name":"wp","href":"https:\/\/api.w.org\/{rel}","templated":true}]}}